{"id":8,"date":"2023-08-03T21:57:55","date_gmt":"2023-08-03T19:57:55","guid":{"rendered":"https:\/\/schwyzeranwalt.ch\/?page_id=8"},"modified":"2025-08-15T17:33:49","modified_gmt":"2025-08-15T15:33:49","slug":"dienstleistungen","status":"publish","type":"page","link":"https:\/\/schwyzeranwalt.ch\/?page_id=8","title":{"rendered":"Dienstleistungen"},"content":{"rendered":"\n<figure class=\"wp-block-image size-full\"><img loading=\"lazy\" decoding=\"async\" width=\"800\" height=\"531\" src=\"https:\/\/schwyzeranwalt.ch\/wp-content\/uploads\/2023\/08\/1.png\" alt=\"\" class=\"wp-image-32\" srcset=\"https:\/\/schwyzeranwalt.ch\/wp-content\/uploads\/2023\/08\/1.png 800w, https:\/\/schwyzeranwalt.ch\/wp-content\/uploads\/2023\/08\/1-300x199.png 300w, https:\/\/schwyzeranwalt.ch\/wp-content\/uploads\/2023\/08\/1-768x510.png 768w\" sizes=\"auto, (max-width: 767px) 89vw, (max-width: 1000px) 54vw, (max-width: 1071px) 543px, 580px\" \/><\/figure>\n\n\n\n<h2 class=\"wp-block-heading\">Profitieren Sie von \u00fcber 30 Jahren Erfahrung\u00a0<\/h2>\n\n\n\n<p>Mit lic. iur. Annagreth F\u00e4ssler-Zehnder steht Ihnen eine Rechtsanw\u00e4ltin mit \u00fcber 30 Jahren Berufserfahrung zur Seite. Als Gerichtsschreiberin und ehemaliges Mitglied einer Schlichtungsbeh\u00f6rde, kennt sie auch die Seite der Schlichtungsbeh\u00f6rden und Gerichte.&nbsp;<\/p>\n\n\n\n<h2 class=\"wp-block-heading\">Zivilrecht<\/h2>\n\n\n\n<ul class=\"wp-block-list\">\n<li>Familienrecht<\/li>\n\n\n\n<li>Ehetrennung, Eheschutzverfahren, Ehescheidung<\/li>\n\n\n\n<li>Kindesrecht und Vormundschaftsrecht<\/li>\n\n\n\n<li>Erbrecht und Sachenrecht<\/li>\n\n\n\n<li>Stiftungsrecht<\/li>\n\n\n\n<li>Mietrecht<\/li>\n<\/ul>\n\n\n\n<h2 class=\"wp-block-heading\">Strafrecht<\/h2>\n\n\n\n<ul class=\"wp-block-list\">\n<li>Vertretungen im Strafverfahren<\/li>\n\n\n\n<li>Vertretungen nach Opferhilferecht<\/li>\n<\/ul>\n\n\n\n<h2 class=\"wp-block-heading\">Verwaltungsrecht<\/h2>\n\n\n\n<ul class=\"wp-block-list\">\n<li>Diverses<\/li>\n<\/ul>\n","protected":false},"excerpt":{"rendered":"<p>Profitieren Sie von \u00fcber 30 Jahren Erfahrung\u00a0 Mit lic. iur. Annagreth F\u00e4ssler-Zehnder steht Ihnen eine Rechtsanw\u00e4ltin mit \u00fcber 30 Jahren Berufserfahrung zur Seite. Als Gerichtsschreiberin und ehemaliges Mitglied einer Schlichtungsbeh\u00f6rde, kennt sie auch die Seite der Schlichtungsbeh\u00f6rden und Gerichte.&nbsp; Zivilrecht Strafrecht Verwaltungsrecht<\/p>\n","protected":false},"author":1,"featured_media":0,"parent":0,"menu_order":0,"comment_status":"closed","ping_status":"closed","template":"","meta":{"footnotes":""},"class_list":["post-8","page","type-page","status-publish","hentry"],"_links":{"self":[{"href":"https:\/\/schwyzeranwalt.ch\/index.php?rest_route=\/wp\/v2\/pages\/8","targetHints":{"allow":["GET"]}}],"collection":[{"href":"https:\/\/schwyzeranwalt.ch\/index.php?rest_route=\/wp\/v2\/pages"}],"about":[{"href":"https:\/\/schwyzeranwalt.ch\/index.php?rest_route=\/wp\/v2\/types\/page"}],"author":[{"embeddable":true,"href":"https:\/\/schwyzeranwalt.ch\/index.php?rest_route=\/wp\/v2\/users\/1"}],"replies":[{"embeddable":true,"href":"https:\/\/schwyzeranwalt.ch\/index.php?rest_route=%2Fwp%2Fv2%2Fcomments&post=8"}],"version-history":[{"count":7,"href":"https:\/\/schwyzeranwalt.ch\/index.php?rest_route=\/wp\/v2\/pages\/8\/revisions"}],"predecessor-version":[{"id":57,"href":"https:\/\/schwyzeranwalt.ch\/index.php?rest_route=\/wp\/v2\/pages\/8\/revisions\/57"}],"wp:attachment":[{"href":"https:\/\/schwyzeranwalt.ch\/index.php?rest_route=%2Fwp%2Fv2%2Fmedia&parent=8"}],"curies":[{"name":"wp","href":"https:\/\/api.w.org\/{rel}","templated":true}]}}